{"id":173,"date":"2016-03-16T16:18:31","date_gmt":"2016-03-16T15:18:31","guid":{"rendered":"http:\/\/www.aufkleber-druck-profi.de\/?page_id=173"},"modified":"2018-02-08T11:25:00","modified_gmt":"2018-02-08T10:25:00","slug":"audio","status":"publish","type":"page","link":"http:\/\/multi-media-profi.de\/?page_id=173","title":{"rendered":"Audio"},"content":{"rendered":"<p>Audio zieht die Aufmerksamkeit von Leuten auf sich, die nicht direkt auf die Werbeanzeige schauen.<\/p>\n<p>Vor allen im Fernsehen und Internet ist Audio sehr effektiv und quasi Pflicht f\u00fcr jede Multi-Media-Anzeige.<\/p>\n<p>Der Audioteil der Multi-Media-Werbung besteht meistens aus einer Stimme, die den angezeigten Text, die Bilder oder das Video erkl\u00e4rt und wird oft mit Musik unterlegt.<\/p>\n<p>Audio l\u00e4sst die anderen verwendeten Medien interessanter wirken und sorgt daf\u00fcr, dass der Betrachter l\u00e4nger das Interesse beh\u00e4lt.<\/p>\n","protected":false},"excerpt":{"rendered":"<p>Audio zieht die Aufmerksamkeit von Leuten auf sich, die nicht direkt auf die Werbeanzeige schauen. Vor allen im Fernsehen und<\/p>\n","protected":false},"author":1,"featured_media":0,"parent":0,"menu_order":0,"comment_status":"closed","ping_status":"closed","template":"","meta":{"footnotes":""},"_links":{"self":[{"href":"http:\/\/multi-media-profi.de\/index.php?rest_route=\/wp\/v2\/pages\/173"}],"collection":[{"href":"http:\/\/multi-media-profi.de\/index.php?rest_route=\/wp\/v2\/pages"}],"about":[{"href":"http:\/\/multi-media-profi.de\/index.php?rest_route=\/wp\/v2\/types\/page"}],"author":[{"embeddable":true,"href":"http:\/\/multi-media-profi.de\/index.php?rest_route=\/wp\/v2\/users\/1"}],"replies":[{"embeddable":true,"href":"http:\/\/multi-media-profi.de\/index.php?rest_route=%2Fwp%2Fv2%2Fcomments&post=173"}],"version-history":[{"count":4,"href":"http:\/\/multi-media-profi.de\/index.php?rest_route=\/wp\/v2\/pages\/173\/revisions"}],"predecessor-version":[{"id":310,"href":"http:\/\/multi-media-profi.de\/index.php?rest_route=\/wp\/v2\/pages\/173\/revisions\/310"}],"wp:attachment":[{"href":"http:\/\/multi-media-profi.de\/index.php?rest_route=%2Fwp%2Fv2%2Fmedia&parent=173"}],"curies":[{"name":"wp","href":"https:\/\/api.w.org\/{rel}","templated":true}]}}