{"id":70,"date":"2016-03-11T12:32:44","date_gmt":"2016-03-11T11:32:44","guid":{"rendered":"http:\/\/www.aufkleber-druck-profi.de\/?page_id=70"},"modified":"2018-02-09T15:32:21","modified_gmt":"2018-02-09T14:32:21","slug":"led-werbewande","status":"publish","type":"page","link":"http:\/\/multi-media-profi.de\/?page_id=70","title":{"rendered":"LED-Werbew\u00e4nde"},"content":{"rendered":"<p>LED-Werbew\u00e4nde k\u00f6nnen \u00fcberall verwendet werden, wo man sie anbringen kann.<\/p>\n<p>Man kann seine eigene Werbung anzeigen.<\/p>\n<p>Sie k\u00f6nnen einstellen, wann etwas bestimmtes angezeigt werden soll oder eine Playlist laufen lassen.<\/p>\n<p>Eine LED-Werbewand zieht viele Blicke auf sich, da sie leuchtet und sich Bilder auf Ihr bewegen.<\/p>\n<p>Auch hier k\u00f6nnen Sie selbst ausw\u00e4hlen, wie Sie Text, Bilder, Video\/Animationen und Audio einsetzen.<\/p>\n<p>F\u00fcr eine Audioausgabe brauchen Sie meistens eine seperate Audioanlage.<\/p>\n","protected":false},"excerpt":{"rendered":"<p>LED-Werbew\u00e4nde k\u00f6nnen \u00fcberall verwendet werden, wo man sie anbringen kann. Man kann seine eigene Werbung anzeigen. Sie k\u00f6nnen einstellen, wann<\/p>\n","protected":false},"author":1,"featured_media":0,"parent":0,"menu_order":0,"comment_status":"closed","ping_status":"closed","template":"","meta":{"footnotes":""},"_links":{"self":[{"href":"http:\/\/multi-media-profi.de\/index.php?rest_route=\/wp\/v2\/pages\/70"}],"collection":[{"href":"http:\/\/multi-media-profi.de\/index.php?rest_route=\/wp\/v2\/pages"}],"about":[{"href":"http:\/\/multi-media-profi.de\/index.php?rest_route=\/wp\/v2\/types\/page"}],"author":[{"embeddable":true,"href":"http:\/\/multi-media-profi.de\/index.php?rest_route=\/wp\/v2\/users\/1"}],"replies":[{"embeddable":true,"href":"http:\/\/multi-media-profi.de\/index.php?rest_route=%2Fwp%2Fv2%2Fcomments&post=70"}],"version-history":[{"count":4,"href":"http:\/\/multi-media-profi.de\/index.php?rest_route=\/wp\/v2\/pages\/70\/revisions"}],"predecessor-version":[{"id":319,"href":"http:\/\/multi-media-profi.de\/index.php?rest_route=\/wp\/v2\/pages\/70\/revisions\/319"}],"wp:attachment":[{"href":"http:\/\/multi-media-profi.de\/index.php?rest_route=%2Fwp%2Fv2%2Fmedia&parent=70"}],"curies":[{"name":"wp","href":"https:\/\/api.w.org\/{rel}","templated":true}]}}